{"id":75,"date":"2016-07-13T10:17:27","date_gmt":"2016-07-13T08:17:27","guid":{"rendered":"http:\/\/www.shosh-al.com\/web\/?page_id=75"},"modified":"2024-03-04T10:45:32","modified_gmt":"2024-03-04T08:45:32","slug":"anetaresia","status":"publish","type":"page","link":"https:\/\/www.shosh-al.com\/web\/anetaresia\/","title":{"rendered":"An\u00ebtar\u00ebsia"},"content":{"rendered":"<p><span style=\"color: #000000;\"><strong>Lista em\u00ebrore e mjek\u00ebve okulist\u00eb shqiptar\u00eb dhe t\u00eb huaj, an\u00ebtar\u00eb t\u00eb Shoqat\u00ebs Oftalmologjike Shqiptare, (SHOSH),viti 2024<\/strong><\/span><\/p>\n<table width=\"934\">\n<tbody>\n<tr>\n<td width=\"36\"><strong>Nr<\/strong><\/td>\n<td width=\"174\"><strong>Emri Mbiemri<\/strong><\/td>\n<td width=\"268\"><strong>Adresa e vendit t\u00eb pun\u00ebs (Institucioni)<\/strong><\/td>\n<td width=\"126\"><strong>Nr. i Telefonit<\/strong><\/td>\n<td width=\"228\"><strong>E-Mail<\/strong><\/td>\n<td width=\"102\"><strong>Sh\u00ebnime<\/strong><\/td>\n<\/tr>\n<tr>\n<td width=\"36\">1.<\/td>\n<td width=\"174\">AGRON KURRO<\/td>\n<td width=\"268\">SPITALI RAJONAL, KOR\u00c7\u00cb<\/td>\n<td width=\"126\">0692346106<\/td>\n<td width=\"228\"><a href=\"mailto:kurro25972@outlook.com\">kurro25972@outlook.com<\/a><\/td>\n<td width=\"102\">Kirurg<\/td>\n<\/tr>\n<tr>\n<td width=\"36\">2.<\/td>\n<td width=\"174\">ALI TONUZI<\/td>\n<td width=\"268\">KLINIKA OKULISTIKE Q.S.U,TIRAN\u00cb<\/td>\n<td width=\"126\">0694003600<\/td>\n<td width=\"228\"><a href=\"mailto:ali_tonuzi@hotmail.com\">ali_tonuzi@hotmail.com<\/a><\/td>\n<td width=\"102\">Kirurg<\/td>\n<\/tr>\n<tr>\n<td width=\"36\">3.<\/td>\n<td width=\"174\">ALKETA TANDILI<\/td>\n<td width=\"268\">KLINIKA OKULISTIKE Q.S.U,TIRAN\u00cb<\/td>\n<td width=\"126\">0672058368<\/td>\n<td width=\"228\"><a href=\"mailto:alketatandili@gmail.com\">alketatandili@gmail.com<\/a><\/td>\n<td width=\"102\">Kirurge<\/td>\n<\/tr>\n<tr>\n<td width=\"36\">4.<\/td>\n<td width=\"174\">ALDA ZANI<\/td>\n<td width=\"268\">POL. SPEC NR. 2 , TIRANE<\/td>\n<td width=\"126\">0684023926 0672023960<\/td>\n<td width=\"228\"><a href=\"mailto:alda_zani@yahoo.com\">alda_zani@yahoo.com<\/a><\/td>\n<td width=\"102\">Okuliste<\/td>\n<\/tr>\n<tr>\n<td width=\"36\">5.<\/td>\n<td width=\"174\">AMARILDO BELSHI<\/td>\n<td width=\"268\">KLINIKA OKULISTIKE Q.S.U,TIRAN\u00cb<\/td>\n<td width=\"126\">0692066384<\/td>\n<td width=\"228\"><a href=\"mailto:amarildobelshi@yahoo.com\">amarildobelshi@yahoo.com<\/a><\/td>\n<td width=\"102\">Kirurg<\/td>\n<\/tr>\n<tr>\n<td width=\"36\">6.<\/td>\n<td width=\"174\">ANILA MONKA<\/td>\n<td width=\"268\">KLINIKA OKULISTIKE Q.S.U,TIRAN\u00cb<\/td>\n<td width=\"126\">0692063543<\/td>\n<td width=\"228\"><u>&nbsp;nilamonka@yahoo.com<\/u><\/td>\n<td width=\"102\">Kirurge<\/td>\n<\/tr>\n<tr>\n<td width=\"36\">7.<\/td>\n<td width=\"174\">ARDEIDA XHAMUCA<\/td>\n<td width=\"268\">SPITALI RAJONAL ELBASAN<\/td>\n<td width=\"126\">0674851731<\/td>\n<td width=\"228\"><a href=\"mailto:ardeida@gmail.com\">ardeida@gmail.com<\/a><\/td>\n<td width=\"102\">Okuliste<\/td>\n<\/tr>\n<tr>\n<td width=\"36\">8.<\/td>\n<td width=\"174\">ARNISA DJEPAXHIA<\/td>\n<td width=\"268\">SPITALI RAJONAL KUKES<\/td>\n<td width=\"126\"><\/td>\n<td width=\"228\"><a href=\"mailto:arnisa.djepaxhija@gmail.com\">arnisa.djepaxhija@gmail.com<\/a><\/td>\n<td width=\"102\">Okuliste<\/td>\n<\/tr>\n<tr>\n<td width=\"36\">9.<\/td>\n<td width=\"174\">ARJETA GREZDA (DEMI)<\/td>\n<td width=\"268\">KLINIKA OKULISTIKE Q.S.U,TIRAN\u00cb<\/td>\n<td width=\"126\">0692246189 0672061189<\/td>\n<td width=\"228\"><a href=\"mailto:arjeta_demi@yahoo.com\">arjeta_demi@yahoo.com<\/a><\/td>\n<td width=\"102\">Kirurge<\/td>\n<\/tr>\n<tr>\n<td width=\"36\">10.<\/td>\n<td width=\"174\">ANILA PINA<\/td>\n<td width=\"268\">SPITALI RAJONAL, LUSHNJE<\/td>\n<td width=\"126\">0692289115<\/td>\n<td width=\"228\">&nbsp;<a href=\"mailto:zhanpina@yahoo.com\">zhanpina@yahoo.com<\/a><\/td>\n<td width=\"102\">Okuliste<\/td>\n<\/tr>\n<tr>\n<td width=\"36\">11.<\/td>\n<td width=\"174\">ARTAN HIBRAJ<\/td>\n<td width=\"268\">SPITALI KRUJ\u00cb<\/td>\n<td width=\"126\">0692669895<\/td>\n<td width=\"228\"><a href=\"mailto:ahibraj@yahoo.com\">ahibraj@yahoo.com<\/a><\/td>\n<td width=\"102\">Kirurg<\/td>\n<\/tr>\n<tr>\n<td width=\"36\">12.<\/td>\n<td width=\"174\">BESA VOKA<\/td>\n<td width=\"268\">&nbsp;KLINIKA PRIVATE, BULQIZE<\/td>\n<td width=\"126\">0672556494<\/td>\n<td width=\"228\"><a href=\"mailto:besavoka@yahoo.com\">besavoka@yahoo.com<\/a><\/td>\n<td width=\"102\">Okuliste<\/td>\n<\/tr>\n<tr>\n<td width=\"36\">13.<\/td>\n<td width=\"174\">BLEDAR KRUJA<\/td>\n<td width=\"268\">SPITALI TRAUM\u00cbS, TIRAN\u00cb<\/td>\n<td width=\"126\">0674012888 0694067390<\/td>\n<td width=\"228\"><a href=\"mailto:bledarkruja@gmail.com\">bledarkruja@gmail.com<\/a> <u>&nbsp;<\/u><\/td>\n<td width=\"102\">Kirurg<\/td>\n<\/tr>\n<tr>\n<td width=\"36\">14.<\/td>\n<td width=\"174\">BRIKENA SELIMI<\/td>\n<td width=\"268\">POLIKLINIKA SPEC. Nr. 1, TIRAN\u00cb<\/td>\n<td width=\"126\">0692851113<\/td>\n<td width=\"228\"><\/td>\n<td width=\"102\">Okuliste<\/td>\n<\/tr>\n<tr>\n<td width=\"36\">15.<\/td>\n<td width=\"174\">BRISILDA DANAJ<\/td>\n<td width=\"268\">KLINIKA INTERNACIONALE, TIRANE<\/td>\n<td width=\"126\">0695310404<\/td>\n<td width=\"228\"><a href=\"mailto:brissi_d@yahoo.com\">brissi_d@yahoo.com<\/a><\/td>\n<td width=\"102\">Okuliste<\/td>\n<\/tr>\n<tr>\n<td width=\"36\">16.<\/td>\n<td width=\"174\">DILAVER HASKAJ<\/td>\n<td width=\"268\">SPITALI RAJONAL ,VLOR\u00cb<\/td>\n<td width=\"126\">0682152104<\/td>\n<td width=\"228\"><a href=\"mailto:dilaver-haskaj@yahoo.com\">dilaver-haskaj@yahoo.com<\/a> <u>&nbsp;<\/u><\/td>\n<td width=\"102\">Kirurg<\/td>\n<\/tr>\n<tr>\n<td width=\"36\">17.<\/td>\n<td width=\"174\">DENIS PINA<\/td>\n<td width=\"268\">QSUT, TIRANE<\/td>\n<td width=\"126\">0698627553<\/td>\n<td width=\"228\"><\/td>\n<td width=\"102\">Okulist<\/td>\n<\/tr>\n<tr>\n<td width=\"36\">18.<\/td>\n<td width=\"174\">ETLEVA DOCI<\/td>\n<td width=\"268\">SPITALI LAC<\/td>\n<td width=\"126\">0692851113<\/td>\n<td width=\"228\"><a href=\"mailto:eva.keqaj@yahoo.com\">eva.keqaj@yahoo.com<\/a> &nbsp;<u>&nbsp;<\/u><\/td>\n<td width=\"102\">Okuliste<\/td>\n<\/tr>\n<tr>\n<td width=\"36\">19.<\/td>\n<td width=\"174\">ETLEVA BALLA(KUCI)<\/td>\n<td width=\"268\">POL.SPECIALITETEVE NR.1 ,TIRANE<\/td>\n<td width=\"126\">0696367561<\/td>\n<td width=\"228\"><a href=\"mailto:etlevakuci@yahoo.com\">etlevakuci@yahoo.com<\/a> &nbsp;<u>&nbsp;<\/u><\/td>\n<td width=\"102\">Okuliste<\/td>\n<\/tr>\n<tr>\n<td width=\"36\">20.<\/td>\n<td width=\"174\">EDMOND ISUFAJ<\/td>\n<td width=\"268\">SPITALI RAJONAL, VLORE<\/td>\n<td width=\"126\">0696113885 0696113885<\/td>\n<td width=\"228\"><a href=\"mailto:doktoredmond@gmail.com\">doktoredmond@gmail.com<\/a><\/td>\n<td width=\"102\">&nbsp;Kirurg<\/td>\n<\/tr>\n<tr>\n<td width=\"36\">21.<\/td>\n<td width=\"174\">EGLANTINA BULICA<\/td>\n<td width=\"268\">&nbsp;QENDRA SHENDETESORE KAMEZ<\/td>\n<td width=\"126\">0692718958<\/td>\n<td width=\"228\"><a href=\"mailto:e.bulica@yahoo.com\">e.bulica@yahoo.com<\/a><\/td>\n<td width=\"102\">Okuliste<\/td>\n<\/tr>\n<tr>\n<td width=\"36\">22.<\/td>\n<td width=\"174\">ETLEVA GJURASHAJ<\/td>\n<td width=\"268\">QSUT, TIRANE<\/td>\n<td width=\"126\">0694649506<\/td>\n<td width=\"228\"><a href=\"mailto:etleva.gjurashaj@gmail.com\">etleva.gjurashaj@gmail.com<\/a> <u>&nbsp;<\/u><\/td>\n<td width=\"102\">Okuliste<\/td>\n<\/tr>\n<tr>\n<td width=\"36\">23.<\/td>\n<td width=\"174\">ELVIS VELI<\/td>\n<td width=\"268\">SPITALI TRAUM\u00cbS ,TIRAN\u00cb<\/td>\n<td width=\"126\">0692054016<\/td>\n<td width=\"228\"><a href=\"mailto:elvisveli@gmail.com\">elvisveli@gmail.com<\/a><\/td>\n<td width=\"102\">Kirurg<\/td>\n<\/tr>\n<tr>\n<td width=\"36\">24.<\/td>\n<td width=\"174\">ENEIDA BALLIU (RUSTEMI )<\/td>\n<td width=\"268\">KLINIKA OKULISTIKE Q.S.U, TIRANE<\/td>\n<td width=\"126\">0684054408<\/td>\n<td width=\"228\"><a href=\"mailto:eneda_rustemi@yahoo.com\">eneda_rustemi@yahoo.com<\/a><\/td>\n<td width=\"102\">Kirurge<\/td>\n<\/tr>\n<tr>\n<td width=\"36\">25.<\/td>\n<td width=\"174\">ERALDA LECI<\/td>\n<td width=\"268\">KLINIKA OKULISTIKE Q.S.U., TIRANE<\/td>\n<td width=\"126\">0672534885<\/td>\n<td width=\"228\"><a href=\"mailto:eraldaleci@yahoo.com\">eraldaleci@yahoo.com<\/a><\/td>\n<td width=\"102\">Okuliste<\/td>\n<\/tr>\n<tr>\n<td width=\"36\">26.<\/td>\n<td width=\"174\">ERMAL SIMAKU<\/td>\n<td width=\"268\">KLINIKA OKULISTIKE Q.S.U., TIRANE<\/td>\n<td width=\"126\">0692112481<\/td>\n<td width=\"228\"><a href=\"mailto:ermalsimaku@hotmail.com\">ermalsimaku@hotmail.com<\/a><\/td>\n<td width=\"102\">Okulist<\/td>\n<\/tr>\n<tr>\n<td width=\"36\">27.<\/td>\n<td width=\"174\">ERISLEDA BORAJ<\/td>\n<td width=\"268\">SPITALI RAJONAL LUSHNJE<\/td>\n<td width=\"126\"><\/td>\n<td width=\"228\"><\/td>\n<td width=\"102\">Okuliste<\/td>\n<\/tr>\n<tr>\n<td width=\"36\">28.<\/td>\n<td width=\"174\">ERINDI MURATI<\/td>\n<td width=\"268\">KLINIKA PRIVATE, TIRANE<\/td>\n<td width=\"126\">0695596102<\/td>\n<td width=\"228\"><a href=\"mailto:erindimurati@hotmail.com\">erindimurati@hotmail.com<\/a> <u>&nbsp;<\/u><\/td>\n<td width=\"102\">Okulist<\/td>\n<\/tr>\n<tr>\n<td width=\"36\">29.<\/td>\n<td width=\"174\">EUGEN DAUTLLARI<\/td>\n<td width=\"268\">POLIKLINIKA SP. Nr. 2 , TIRAN\u00cb<\/td>\n<td width=\"126\">0692044230<\/td>\n<td width=\"228\"><a href=\"mailto:eugendautllari@live.com\">eugendautllari@live.com<\/a> <u>&nbsp;<\/u><\/td>\n<td width=\"102\">Kirurg<\/td>\n<\/tr>\n<tr>\n<td width=\"36\">30.<\/td>\n<td width=\"174\">EVA KOCA<\/td>\n<td width=\"268\">SPITALI RAJONAL, KOR\u00c7\u00cb<\/td>\n<td width=\"126\">0692938802<\/td>\n<td width=\"228\"><a href=\"mailto:hifema@yahoo.co.uk%20%20%20%20hifema@yahoo.com\">hifema@yahoo.co.uk&nbsp;&nbsp;&nbsp; hifema@yahoo.com<\/a><\/td>\n<td width=\"102\">Kirurge<\/td>\n<\/tr>\n<tr>\n<td width=\"36\">31.<\/td>\n<td width=\"174\">FATOS XHANGOLI<\/td>\n<td width=\"268\">SPITALI RAJONAL, ELBASAN<\/td>\n<td width=\"126\">0684051129<\/td>\n<td width=\"228\"><a href=\"mailto:fxhangoli@yahoo.com\">fxhangoli@yahoo.com<\/a><\/td>\n<td width=\"102\">Kirurg<\/td>\n<\/tr>\n<tr>\n<td width=\"36\">32.<\/td>\n<td width=\"174\">FELISIA GJYRDEDI<\/td>\n<td width=\"268\">QSUT, TIRANE<\/td>\n<td width=\"126\">0694432972<\/td>\n<td width=\"228\"><\/td>\n<td width=\"102\">Okuliste<\/td>\n<\/tr>\n<tr>\n<td width=\"36\">33.<\/td>\n<td width=\"174\">ILIR ARAPI<\/td>\n<td width=\"268\">QSU, TIRANE<\/td>\n<td width=\"126\">0692050341<\/td>\n<td width=\"228\">&nbsp;<a href=\"mailto:arapi_ilir@hotmail.com\">arapi_ilir@hotmail.com<\/a><\/td>\n<td width=\"102\">Kirurg<\/td>\n<\/tr>\n<tr>\n<td width=\"36\">34.<\/td>\n<td width=\"174\">IMELDA \u00c7OKA<\/td>\n<td width=\"268\">SPITALI TEPELEN\u00cb<\/td>\n<td width=\"126\">0696603955<\/td>\n<td width=\"228\"><a href=\"mailto:ime.1984@hotmail.com\">ime.1984@hotmail.com<\/a><\/td>\n<td width=\"102\">&nbsp;Okuliste<\/td>\n<\/tr>\n<tr>\n<td width=\"36\">35.<\/td>\n<td width=\"174\">IRMA ZHONGA<\/td>\n<td width=\"268\">QENDRA SH\u00cbNDET\u00cbSORE, POSKUQAN<\/td>\n<td width=\"126\">0692942265<\/td>\n<td width=\"228\">&nbsp;<a href=\"mailto:irmazh@yahoo.com\">irmazh@yahoo.com<\/a><\/td>\n<td width=\"102\">Okuliste<\/td>\n<\/tr>\n<tr>\n<td width=\"36\">36.<\/td>\n<td width=\"174\">ISMAIL HALILI<\/td>\n<td width=\"268\">SPITALI USHTARAK, TIRAN\u00cb<\/td>\n<td width=\"126\">0695115921<\/td>\n<td width=\"228\"><a href=\"mailto:ismailhalili@yahoo.com\">ismailhalili@yahoo.com<\/a><\/td>\n<td width=\"102\">Kirurg<\/td>\n<\/tr>\n<tr>\n<td width=\"36\">37.<\/td>\n<td width=\"174\">JONIDA DAI<\/td>\n<td width=\"268\">POL. SPECIALITETEVE Nr. 1, TIRANE<\/td>\n<td width=\"126\">&nbsp; 0664040044<\/td>\n<td width=\"228\"><a href=\"mailto:jonidai@yahoo.com\">jonidai@yahoo.com<\/a><\/td>\n<td width=\"102\">Okuliste<\/td>\n<\/tr>\n<tr>\n<td width=\"36\">38.<\/td>\n<td width=\"174\">JULINDA JAHO<\/td>\n<td width=\"268\">KLINIKA OKULISTIKE SPITALI QSU, TIRAN\u00cb<\/td>\n<td width=\"126\">0696500866<\/td>\n<td width=\"228\"><a href=\"mailto:julindajaho@gmail.com\">julindajaho@gmail.com<\/a><\/td>\n<td width=\"102\">Kirurge<\/td>\n<\/tr>\n<tr>\n<td width=\"36\">39.<\/td>\n<td width=\"174\">JOHANA VRUHO<\/td>\n<td width=\"268\">SPITALI UNIVERSITAR I TRAUMES<\/td>\n<td width=\"126\">0692085898<\/td>\n<td width=\"228\"><a href=\"mailto:Johanavruho12@gmail.com\">Johanavruho12@gmail.com<\/a><\/td>\n<td width=\"102\">Kirurge<\/td>\n<\/tr>\n<tr>\n<td width=\"36\">40.<\/td>\n<td width=\"174\">KATERINA KASA<\/td>\n<td width=\"268\">SPITALI UNIVERSITAR I TRAUMES<\/td>\n<td width=\"126\">0696550710<\/td>\n<td width=\"228\"><a href=\"mailto:katerinatangu@yahoo.com\">katerinatangu@yahoo.com<\/a><\/td>\n<td width=\"102\">Okuliste<\/td>\n<\/tr>\n<tr>\n<td width=\"36\">41.<\/td>\n<td width=\"174\">LEODITA GJANA<\/td>\n<td width=\"268\">SPITALI UNIVERSITAR I TRAUMES<\/td>\n<td width=\"126\">0664089424<\/td>\n<td width=\"228\"><a href=\"mailto:drleodita@hotmail.co.uk\">drleodita@hotmail.co.uk<\/a><\/td>\n<td width=\"102\">Okuliste<\/td>\n<\/tr>\n<tr>\n<td width=\"36\">42.<\/td>\n<td width=\"174\">LEDIA BALLA<\/td>\n<td width=\"268\">SPITALI RAJONAL DURRES<\/td>\n<td width=\"126\">0683077531<\/td>\n<td width=\"228\"><a href=\"mailto:ledi1980@windowslive.com\">ledi1980@windowslive.com<\/a><\/td>\n<td width=\"102\">Okuliste<\/td>\n<\/tr>\n<tr>\n<td width=\"36\">43.<\/td>\n<td width=\"174\">LUIZA HASIPI (HARIZAJ)<\/td>\n<td width=\"268\">SPITALI RAJONAL, SARAND\u00cb<\/td>\n<td width=\"126\">0692777058<\/td>\n<td width=\"228\"><a href=\"mailto:luiza.harizaj@gmail.com\">luiza.harizaj@gmail.com<\/a><\/td>\n<td width=\"102\">Kirurge<\/td>\n<\/tr>\n<tr>\n<td width=\"36\">44.<\/td>\n<td width=\"174\">LULJETA&nbsp; JAUPAJ<\/td>\n<td width=\"268\">SPITALI RAJONAL FIER<\/td>\n<td width=\"126\">0674050740<\/td>\n<td width=\"228\"><a href=\"mailto:luljeta.japupaj@hotmail.com\">luljeta.japupaj@hotmail.com<\/a><\/td>\n<td width=\"102\">Okuliste<\/td>\n<\/tr>\n<tr>\n<td width=\"36\">45.<\/td>\n<td width=\"174\">MANUSHAQE BATKU (RUSTANI)<\/td>\n<td width=\"268\">POLIKLINIKA SP. Nr.2,&nbsp; TIRAN\u00cb<\/td>\n<td width=\"126\">0682359312<\/td>\n<td width=\"228\"><a href=\"mailto:manushaqebatku@yahoo.com\">manushaqebatku@yahoo.com<\/a><\/td>\n<td width=\"102\">Okuliste<\/td>\n<\/tr>\n<tr>\n<td width=\"36\">46.<\/td>\n<td width=\"174\">MATILDA ISLAMAJ<\/td>\n<td width=\"268\">KLINIKA OKULISTIKE Q.S.U., TIRANE<\/td>\n<td width=\"126\">&nbsp; 0672050326<\/td>\n<td width=\"228\">&nbsp;<a href=\"mailto:matilda.islamaj@gmail.com\">matilda.islamaj@gmail.com<\/a><\/td>\n<td width=\"102\">Okuliste<\/td>\n<\/tr>\n<tr>\n<td width=\"36\">47.<\/td>\n<td width=\"174\">MIMOZA ME\u00c7O<\/td>\n<td width=\"268\">QENDRA E SYRIT , SPITALI \u201cHYGEIA\u2019, TIRANE<\/td>\n<td width=\"126\">0682067497<\/td>\n<td width=\"228\"><a href=\"mailto:mimozameco72@gmail.com\">mimozameco72@gmail.com<\/a> <u>&nbsp;<\/u><\/td>\n<td width=\"102\">Kirurge<\/td>\n<\/tr>\n<tr>\n<td width=\"36\">48.<\/td>\n<td width=\"174\">NADON QAFA<\/td>\n<td width=\"268\">SPITALI UNIVERSLA I SYRIT , TIRANE<\/td>\n<td width=\"126\">0692050201<\/td>\n<td width=\"228\"><a href=\"mailto:nadonqafa@yahoo.com\">nadonqafa@yahoo.com<\/a> <u>&nbsp;<\/u><\/td>\n<td width=\"102\">Kirurg<\/td>\n<\/tr>\n<tr>\n<td width=\"36\">49.<\/td>\n<td width=\"174\">NDUE BARDHI<\/td>\n<td width=\"268\">KLINIKA PRIVATE, LAPRAK\u00cb,TIRAN\u00cb<\/td>\n<td width=\"126\">0682181312<\/td>\n<td width=\"228\"><a href=\"mailto:drbardhindue@hotmail.com\">drbardhindue@hotmail.com<\/a><\/td>\n<td width=\"102\">Kirurg<\/td>\n<\/tr>\n<tr>\n<td width=\"36\">50.<\/td>\n<td width=\"174\">NORA BURDA<\/td>\n<td width=\"268\">POLIKLINIKA SPECIALE Nr. 2, TIRAN\u00cb<\/td>\n<td width=\"126\">0693296415<\/td>\n<td width=\"228\"><a href=\"mailto:nora_burda@yahoo.com\">nora_burda@yahoo.com<\/a><\/td>\n<td width=\"102\">Okuliste<\/td>\n<\/tr>\n<tr>\n<td width=\"36\">51.<\/td>\n<td width=\"174\">ODELA RISILIA<\/td>\n<td width=\"268\">SPITALI RAJONAL , VLORE<\/td>\n<td width=\"126\">0672073810<\/td>\n<td width=\"228\"><\/td>\n<td width=\"102\">Okuliste<\/td>\n<\/tr>\n<tr>\n<td width=\"36\">52.<\/td>\n<td width=\"174\">ORJADA AGALLIU<\/td>\n<td width=\"268\">POL.SP.NR.1<\/td>\n<td width=\"126\">0696271733<\/td>\n<td width=\"228\"><a href=\"mailto:orjadaagalliu@yahoo.com\">orjadaagalliu@yahoo.com<\/a><\/td>\n<td width=\"102\">Okuliste<\/td>\n<\/tr>\n<tr>\n<td width=\"36\">53.<\/td>\n<td width=\"174\">ORJANA&nbsp; ZIU<\/td>\n<td width=\"268\">SPITALI RAJONAL ELBASAN<\/td>\n<td width=\"126\">0682235798<\/td>\n<td width=\"228\"><a href=\"mailto:tatjanaziu@yahoo.com\">tatjanaziu@yahoo.com<\/a><\/td>\n<td width=\"102\">Okuliste<\/td>\n<\/tr>\n<tr>\n<td width=\"36\">54.<\/td>\n<td width=\"174\">REZARTA SHKURTI<\/td>\n<td width=\"268\">POLIKLINIKA QENDRORE, TIRAN\u00cb<\/td>\n<td width=\"126\">0692529165<\/td>\n<td width=\"228\"><a href=\"mailto:shkurtirezarta@gmail.com\">shkurtirezarta@gmail.com<\/a> <u>&nbsp;<\/u><\/td>\n<td width=\"102\">Okuliste<\/td>\n<\/tr>\n<tr>\n<td width=\"36\">55.<\/td>\n<td width=\"174\">SUZANA ZHUKA<\/td>\n<td width=\"268\">POLIKLINIKA QENDRORE, TIRAN\u00eb<\/td>\n<td width=\"126\">0692212782<\/td>\n<td width=\"228\"><a href=\"mailto:zhukaza@yahoo.com\">zhukaza@yahoo.com<\/a><\/td>\n<td width=\"102\">Okuliste<\/td>\n<\/tr>\n<tr>\n<td width=\"36\">56.<\/td>\n<td width=\"174\">SHK\u00cbLQIM DAJTI<\/td>\n<td width=\"268\">OPTIKA &#8220;KRISTAL&#8221;, TIRAN\u00cb<\/td>\n<td width=\"126\">0692173121<\/td>\n<td width=\"228\"><a href=\"mailto:shdajti@yahoo.com\">shdajti@yahoo.com<\/a><\/td>\n<td width=\"102\">Kirurg<\/td>\n<\/tr>\n<tr>\n<td width=\"36\">57.<\/td>\n<td width=\"174\">TATJANA ZIU<\/td>\n<td width=\"268\">SPITALI RAJONAL, ELBASAN<\/td>\n<td width=\"126\">0682235798<\/td>\n<td width=\"228\"><a href=\"mailto:tatjanaziu@yahoo.com\">tatjanaziu@yahoo.com<\/a><\/td>\n<td width=\"102\">Kirurge<\/td>\n<\/tr>\n<tr>\n<td width=\"36\">58.<\/td>\n<td width=\"174\">TEUTA HAVERI<\/td>\n<td width=\"268\">QENDRA E SYRIT , SPITALI \u201cHYGEIA\u2019, TIRANE<\/td>\n<td width=\"126\">0682216272 0692216272<\/td>\n<td width=\"228\"><a href=\"mailto:thaveri@spitaliamerikan.com\">thaveri@spitaliamerikan.com<\/a> <u>&nbsp;<\/u><\/td>\n<td width=\"102\">Kirurge<\/td>\n<\/tr>\n<tr>\n<td width=\"36\">59.<\/td>\n<td width=\"174\">VJONA KURTI<\/td>\n<td width=\"268\">POLIKLINIKA QENDRORE, TIRAN\u00cb<\/td>\n<td width=\"126\">0672025011<\/td>\n<td width=\"228\"><u>&nbsp;<\/u><a href=\"mailto:vjonakurti@hotmail.com\">vjonakurti@hotmail.com<\/a><\/td>\n<td width=\"102\">Okuliste<\/td>\n<\/tr>\n<tr>\n<td width=\"36\">60.<\/td>\n<td width=\"174\">VLADIMIR KATROSHI<\/td>\n<td width=\"268\">SPITALI RAJONAL ,KAVAJ\u00cb<\/td>\n<td width=\"126\">0692138072<\/td>\n<td width=\"228\"><a href=\"mailto:ladkatroshi@hotmail.com\">ladkatroshi@hotmail.com<\/a> <u>&nbsp;<\/u><\/td>\n<td width=\"102\">Okulist<\/td>\n<\/tr>\n<\/tbody>\n<\/table>\n<p><strong>&nbsp;<\/strong><\/p>\n","protected":false},"excerpt":{"rendered":"<p>Lista em\u00ebrore e mjek\u00ebve okulist\u00eb shqiptar\u00eb dhe t\u00eb huaj, an\u00ebtar\u00eb t\u00eb Shoqat\u00ebs Oftalmologjike Shqiptare, (SHOSH),viti 2024 Nr Emri Mbiemri Adresa e vendit t\u00eb pun\u00ebs (Institucioni) Nr. [&hellip;]<\/p>\n","protected":false},"author":1,"featured_media":0,"parent":0,"menu_order":0,"comment_status":"closed","ping_status":"closed","template":"","meta":[],"_links":{"self":[{"href":"https:\/\/www.shosh-al.com\/web\/wp-json\/wp\/v2\/pages\/75"}],"collection":[{"href":"https:\/\/www.shosh-al.com\/web\/wp-json\/wp\/v2\/pages"}],"about":[{"href":"https:\/\/www.shosh-al.com\/web\/wp-json\/wp\/v2\/types\/page"}],"author":[{"embeddable":true,"href":"https:\/\/www.shosh-al.com\/web\/wp-json\/wp\/v2\/users\/1"}],"replies":[{"embeddable":true,"href":"https:\/\/www.shosh-al.com\/web\/wp-json\/wp\/v2\/comments?post=75"}],"version-history":[{"count":25,"href":"https:\/\/www.shosh-al.com\/web\/wp-json\/wp\/v2\/pages\/75\/revisions"}],"predecessor-version":[{"id":1954,"href":"https:\/\/www.shosh-al.com\/web\/wp-json\/wp\/v2\/pages\/75\/revisions\/1954"}],"wp:attachment":[{"href":"https:\/\/www.shosh-al.com\/web\/wp-json\/wp\/v2\/media?parent=75"}],"curies":[{"name":"wp","href":"https:\/\/api.w.org\/{rel}","templated":true}]}}