{"id":73,"date":"2016-07-13T10:16:59","date_gmt":"2016-07-13T08:16:59","guid":{"rendered":"http:\/\/www.shosh-al.com\/web\/?page_id=73"},"modified":"2024-01-29T09:54:41","modified_gmt":"2024-01-29T07:54:41","slug":"informacione","status":"publish","type":"page","link":"https:\/\/www.shosh-al.com\/web\/informacione\/","title":{"rendered":"Informacione"},"content":{"rendered":"<p><strong>6.1 Kalendari vjetor i aktiviteteve kryesore Komb\u00ebtare dhe Nd\u00ebrkomb\u00ebtare (2024)<\/strong><\/p>\n<div class=\"supsystic-table-loader spinner\"style=\"background-color:#000000\"><\/div><div id=\"supsystic-table-5_58438\" class=\"supsystic-tables-wrap \" style=\" width:100%; visibility: hidden; \" data-table-width-fixed=\"100%\" data-table-width-mobile=\"100%\" ><table id=\"supsystic-table-5\" class=\"supsystic-table border lightboxImg cell-border\" data-id=\"5\" data-view-id=\"5_58438\" data-title=\"6.1 Kalendari vjetor i aktiviteteve kryesore kombetare dhe nderkombetare ( 2017 &amp;amp; 2018)\" data-currency-format=\"$1,000.00\" data-percent-format=\"10.00%\" data-date-format=\"DD.MM.YYYY\" data-time-format=\"HH:mm\" data-features=\"[&quot;after_table_loaded_script&quot;]\" data-search-value=\"\" data-lightbox-img=\"\" data-head=\"on\" data-head-rows-count=\"1\" data-pagination-length=\"50,100,All\" data-auto-index=\"off\" data-searching-settings=\"{&quot;columnSearchPosition&quot;:&quot;bottom&quot;,&quot;minChars&quot;:&quot;0&quot;}\" data-lang=\"default\" data-override=\"{&quot;emptyTable&quot;:&quot;&quot;,&quot;info&quot;:&quot;&quot;,&quot;infoEmpty&quot;:&quot;&quot;,&quot;infoFiltered&quot;:&quot;&quot;,&quot;lengthMenu&quot;:&quot;&quot;,&quot;search&quot;:&quot;&quot;,&quot;zeroRecords&quot;:&quot;&quot;,&quot;exportLabel&quot;:&quot;&quot;,&quot;file&quot;:&quot;default&quot;}\" data-merged=\"[]\" data-responsive-mode=\"0\" data-from-history=\"0\" ><thead><tr><th data-cell-id=\"A1\" data-x=\"0\" data-y=\"1\" data-db-index=\"1\" class=\"bold color-000000 bg-1b3962\" data-cell-type=\"text\" data-original-value=\"Aktivitete\" data-order=\"Aktivitete\" style=\"min-width:53.0011%; \" >Aktivitete <\/th><th data-cell-id=\"B1\" data-x=\"1\" data-y=\"1\" data-db-index=\"1\" class=\"bold color-000000 bg-1b3962\" data-cell-type=\"text\" data-original-value=\"Data\" data-order=\"Data\" style=\"min-width:20.8381%; \" >Data <\/th><th data-cell-id=\"C1\" data-x=\"2\" data-y=\"1\" data-db-index=\"1\" class=\"bold color-000000 bg-1b3962\" data-cell-type=\"text\" data-original-value=\"Vendi\" data-order=\"Vendi\" style=\"min-width:26.1608%; \" >Vendi <\/th><\/tr><\/thead><tbody><tr style=\"height:px\" ><td data-cell-id=\"A2\" data-x=\"0\" data-y=\"2\" data-db-index=\"2\" class=\"bold color-ffffff bg-1b3962 htLeft\" data-cell-type=\"text\" data-original-value=\"Kongresi i 39-te i HSIOIRS, 2025\" data-order=\"Kongresi i 39-te i HSIOIRS, 2025\" >Kongresi i 39-te i HSIOIRS, 2025 <\/td><td data-cell-id=\"B2\" data-x=\"1\" data-y=\"2\" data-db-index=\"2\" class=\"bold color-ffffff bg-1b3962\" data-cell-type=\"text\" data-original-value=\"28 Shkurt -02 Mars 2025\" data-order=\"28 Shkurt -02 Mars 2025\" >28 Shkurt -02 Mars 2025 <\/td><td data-cell-id=\"C2\" data-x=\"2\" data-y=\"2\" data-db-index=\"2\" class=\"bold color-ffffff bg-1b3962\" data-cell-type=\"text\" data-original-value=\"Athin\u00eb, Greqi\" data-order=\"Athin\u00eb, Greqi\" >Athin\u00eb, Greqi <\/td><\/tr><tr style=\"height:px\" ><td data-cell-id=\"A3\" data-x=\"0\" data-y=\"3\" data-db-index=\"3\" class=\"bold color-ffffff bg-1b3962 htLeft\" data-cell-type=\"text\" data-original-value=\"Mitingu 43-te ESCRS , 2025\" data-order=\"Mitingu 43-te ESCRS , 2025\" >Mitingu 43-te ESCRS , 2025 <\/td><td data-cell-id=\"B3\" data-x=\"1\" data-y=\"3\" data-db-index=\"3\" class=\"bold color-ffffff bg-1b3962\" data-cell-type=\"text\" data-original-value=\"28 Shkurt -02 Mars 2025\" data-order=\"28 Shkurt -02 Mars 2025\" >28 Shkurt -02 Mars 2025 <\/td><td data-cell-id=\"C3\" data-x=\"2\" data-y=\"3\" data-db-index=\"3\" class=\"bold color-ffffff bg-1b3962\" data-cell-type=\"text\" data-original-value=\"Athin\u00eb, Greqi\" data-order=\"Athin\u00eb, Greqi\" >Athin\u00eb, Greqi <\/td><\/tr><tr style=\"height:px\" ><td data-cell-id=\"A4\" data-x=\"0\" data-y=\"4\" data-db-index=\"4\" class=\"bold color-ffffff bg-1b3962 htLeft\" data-cell-type=\"text\" data-original-value=\"Mbledhja e Jashtezakonshme Asambles\u00eb t\u00eb SHOSH, 2025 (Zgjedhjet e Oganeve Drejtuese),2025\" data-order=\"Mbledhja e Jashtezakonshme Asambles\u00eb t\u00eb SHOSH, 2025 (Zgjedhjet e Oganeve Drejtuese),2025\" >Mbledhja e Jashtezakonshme Asambles\u00eb t\u00eb SHOSH, 2025 (Zgjedhjet e Oganeve Drejtuese),2025 <\/td><td data-cell-id=\"B4\" data-x=\"1\" data-y=\"4\" data-db-index=\"4\" class=\"bold color-ffffff bg-1b3962\" data-cell-type=\"text\" data-original-value=\"29 Mars 2025\" data-order=\"29 Mars 2025\" >29 Mars 2025 <\/td><td data-cell-id=\"C4\" data-x=\"2\" data-y=\"4\" data-db-index=\"4\" class=\"bold color-ffffff bg-1b3962\" data-cell-type=\"text\" data-original-value=\"Tiran\u00eb, Shqip\u00ebri\" data-order=\"Tiran\u00eb, Shqip\u00ebri\" >Tiran\u00eb, Shqip\u00ebri <\/td><\/tr><tr style=\"height:px\" ><td data-cell-id=\"A5\" data-x=\"0\" data-y=\"5\" data-db-index=\"5\" class=\"bg-1b3962 color-ffffff bold htLeft\" data-cell-type=\"text\" data-original-value=\"Kongresi i SOE, 2025\" data-order=\"Kongresi i SOE, 2025\" >Kongresi i SOE, 2025 <\/td><td data-cell-id=\"B5\" data-x=\"1\" data-y=\"5\" data-db-index=\"5\" class=\"bg-1b3962 color-ffffff bold\" data-cell-type=\"text\" data-original-value=\"07-09 Qershor 2025\" data-order=\"07-09 Qershor 2025\" >07-09 Qershor 2025 <\/td><td data-cell-id=\"C5\" data-x=\"2\" data-y=\"5\" data-db-index=\"5\" class=\"bg-1b3962 color-ffffff bold\" data-cell-type=\"text\" data-original-value=\"Lisbon\u00eb , Portugali\" data-order=\"Lisbon\u00eb , Portugali\" >Lisbon\u00eb , Portugali <\/td><\/tr><\/tbody><\/table><!-- \/#supsystic-table-5.supsystic-table --><\/div><!-- \/.supsystic-tables-wrap --><!-- Tables Generator by Supsystic --><!-- Version:1.10.43 --><!-- http:\/\/supsystic.com\/ --><a title=\"WP Data Tables\" style=\"display:none;\" href=\"https:\/\/supsystic.com\/plugins\/wordpress-data-table-plugin\/?utm_medium=love_link\" target=\"_blank\">WP Data Tables<\/a>\n","protected":false},"excerpt":{"rendered":"<p>6.1 Kalendari vjetor i aktiviteteve kryesore Komb\u00ebtare dhe Nd\u00ebrkomb\u00ebtare (2024)<\/p>\n","protected":false},"author":1,"featured_media":0,"parent":0,"menu_order":0,"comment_status":"closed","ping_status":"closed","template":"","meta":[],"_links":{"self":[{"href":"https:\/\/www.shosh-al.com\/web\/wp-json\/wp\/v2\/pages\/73"}],"collection":[{"href":"https:\/\/www.shosh-al.com\/web\/wp-json\/wp\/v2\/pages"}],"about":[{"href":"https:\/\/www.shosh-al.com\/web\/wp-json\/wp\/v2\/types\/page"}],"author":[{"embeddable":true,"href":"https:\/\/www.shosh-al.com\/web\/wp-json\/wp\/v2\/users\/1"}],"replies":[{"embeddable":true,"href":"https:\/\/www.shosh-al.com\/web\/wp-json\/wp\/v2\/comments?post=73"}],"version-history":[{"count":13,"href":"https:\/\/www.shosh-al.com\/web\/wp-json\/wp\/v2\/pages\/73\/revisions"}],"predecessor-version":[{"id":1943,"href":"https:\/\/www.shosh-al.com\/web\/wp-json\/wp\/v2\/pages\/73\/revisions\/1943"}],"wp:attachment":[{"href":"https:\/\/www.shosh-al.com\/web\/wp-json\/wp\/v2\/media?parent=73"}],"curies":[{"name":"wp","href":"https:\/\/api.w.org\/{rel}","templated":true}]}}